{"id":2038,"date":"2023-02-26T22:47:32","date_gmt":"2023-02-27T04:47:32","guid":{"rendered":"https:\/\/shantitienda.com\/?page_id=2038"},"modified":"2023-04-30T08:31:33","modified_gmt":"2023-04-30T14:31:33","slug":"cambios-2","status":"publish","type":"page","link":"https:\/\/shantitienda.com\/en\/cambios-2\/","title":{"rendered":"Cambios"},"content":{"rendered":"\t\t<div data-elementor-type=\"wp-page\" data-elementor-id=\"2038\" class=\"elementor elementor-2038\">\n\t\t\t\t\t\t<section class=\"elementor-section elementor-top-section elementor-element elementor-element-1547aa6a elementor-section-boxed elementor-section-height-default elementor-section-height-default\" data-id=\"1547aa6a\" data-element_type=\"section\" data-e-type=\"section\">\n\t\t\t\t\t\t<div class=\"elementor-container elementor-column-gap-default\">\n\t\t\t\t\t<div class=\"elementor-column elementor-col-100 elementor-top-column elementor-element elementor-element-d4a7956\" data-id=\"d4a7956\" data-element_type=\"column\" data-e-type=\"column\">\n\t\t\t<div class=\"elementor-widget-wrap elementor-element-populated\">\n\t\t\t\t\t\t<div class=\"elementor-element elementor-element-d9acd36 elementor-widget elementor-widget-text-editor\" data-id=\"d9acd36\" data-element_type=\"widget\" data-e-type=\"widget\" data-widget_type=\"text-editor.default\">\n\t\t\t\t<div class=\"elementor-widget-container\">\n\t\t\t\t\t\t\t\t\t<p><\/p>\n<h2 class=\"wp-block-heading\">Pol\u00edtica de cambios<\/h2>\n<div>&nbsp;<\/div>\n<ul>\n<li style=\"font-size: 17px;\">\n<h4><span style=\"text-decoration: underline; color: #000000;\"><span style=\"background-color: var(--ast-global-color-5);\">Ciudad capital y \u00e1reas aleda\u00f1as<\/span><\/span><\/h4>\n<\/li>\n<\/ul>\n<div>\n<ul style=\"font-size: 17px;\">\n<li style=\"font-size: 17px;\">La solicitud de cambio debe ser enviada a&nbsp;<span style=\"font-weight: bold;\">Shanti<\/span> en el plazo m\u00e1ximo de&nbsp;<span style=\"font-weight: bold;\">3 d\u00edas (h\u00e1biles) posventa<\/span>.<\/li>\n<li>El producto eligible para cambio, debe encontrarse en las mismas condiciones de la venta <strong>(en su empaque, sin manchas o suciedad y con su etiqueta colgante)<\/strong>.<\/li>\n<\/ul>\n<\/div>\n<div>&nbsp;<\/div>\n<ul>\n<li>\n<h4><span style=\"text-decoration: underline;\">Departamentos<\/span><\/h4>\n<\/li>\n<\/ul>\n<ul>\n<li style=\"list-style-type: none;\">\n<ul>\n<li>La solicitud de cambio debe ser enviada a <strong>Shanti<\/strong> en el plazo m\u00e1ximo de <strong>5<\/strong>&nbsp;<b>d\u00edas&nbsp;(h\u00e1biles) posventa<\/b>. El producto eligible para cambio, debe encontrarse en las mismas condiciones de la venta <strong>(en su empaque, sin manchas o suciedad y con su etiqueta colgante)<\/strong>.<\/li>\n<\/ul>\n<\/li>\n<\/ul>\n<p><\/p>\n<p><\/p>\n<ul>\n<li style=\"list-style-type: none;\">\n<ul>\n<li>El cliente deber\u00e1 enviar el producto(s) para nuestra bodega (<b>la direcci\u00f3n que est\u00e1&nbsp;en la gu\u00eda de env\u00edo<\/b>), pagando el costo de la devoluci\u00f3n. <strong>Shanti<\/strong> soportar\u00e1 el costo del env\u00edo del cambio.<\/li>\n<\/ul>\n<\/li>\n<\/ul>\n<p><\/p>\n<p><\/p>\n<ul>\n<li style=\"list-style-type: none;\">\n<ul>\n<li>En el caso de que el cliente, no pueda llegar hasta una agencia de cargo expreso, para proceder a la devoluci\u00f3n. Debe solicitar a <strong>Shanti<\/strong> un pedido de recolecci\u00f3n y una gu\u00eda. <strong>Shanti<\/strong> paga el costo del env\u00edo de la devoluci\u00f3n y el cliente pagara el costo del env\u00edo del cambio.<\/li>\n<\/ul>\n<\/li>\n<\/ul>\n<div>&nbsp;<\/div>\n<ul>\n<li>\n<h4><span style=\"text-decoration: underline;\">Varios<\/span><\/h4>\n<\/li>\n<\/ul>\n<ul>\n<li style=\"list-style-type: none;\">\n<ul>\n<li style=\"font-size: 17px;\">Si el motivo del cambio es por error de env\u00edo o desperfecto, los costos de devoluci\u00f3n y cambio, corren por cuenta de <span style=\"font-weight: bold;\">Shanti<\/span>.&nbsp;<\/li>\n<\/ul>\n<\/li>\n<\/ul>\n<p><\/p>\n<p><\/p>\n<ul>\n<li style=\"list-style-type: none;\">\n<ul>\n<li><span style=\"text-decoration: underline;\"><strong>La solicitud de cambio debe ser realizada desde el formulario abajo.<\/strong><\/span><\/li>\n<\/ul>\n<\/li>\n<\/ul>\n<p><\/p>\n<p><!-- \/wp:list --><\/p>\t\t\t\t\t\t\t\t<\/div>\n\t\t\t\t<\/div>\n\t\t\t\t\t<\/div>\n\t\t<\/div>\n\t\t\t\t\t<\/div>\n\t\t<\/section>\n\t\t\t\t<section class=\"elementor-section elementor-top-section elementor-element elementor-element-267975d elementor-section-boxed elementor-section-height-default elementor-section-height-default\" data-id=\"267975d\" data-element_type=\"section\" data-e-type=\"section\">\n\t\t\t\t\t\t<div class=\"elementor-container elementor-column-gap-default\">\n\t\t\t\t\t<div class=\"elementor-column elementor-col-100 elementor-top-column elementor-element elementor-element-1c74980\" data-id=\"1c74980\" data-element_type=\"column\" data-e-type=\"column\">\n\t\t\t<div class=\"elementor-widget-wrap elementor-element-populated\">\n\t\t\t\t\t\t<div class=\"elementor-element elementor-element-53a8855 elementor-widget elementor-widget-wpforms\" data-id=\"53a8855\" data-element_type=\"widget\" data-e-type=\"widget\" data-widget_type=\"wpforms.default\">\n\t\t\t\t<div class=\"elementor-widget-container\">\n\t\t\t\t\t<div class=\"wpforms-container \" id=\"wpforms-2433\"><form id=\"wpforms-form-2433\" class=\"wpforms-validate wpforms-form wpforms-ajax-form\" data-formid=\"2433\" method=\"post\" enctype=\"multipart\/form-data\" action=\"\/en\/wp-json\/wp\/v2\/pages\/2038\" data-token=\"e47e20df907f3b7f276a12c87aae6b0f\" data-token-time=\"1776408123\"><noscript class=\"wpforms-error-noscript\">Please enable JavaScript in your browser to complete this form.<\/noscript><div class=\"wpforms-field-container\"><div id=\"wpforms-2433-field_0-container\" class=\"wpforms-field wpforms-field-name\" data-field-id=\"0\"><label class=\"wpforms-field-label\" for=\"wpforms-2433-field_0\">Nombre <span class=\"wpforms-required-label\">*<\/span><\/label><input type=\"text\" id=\"wpforms-2433-field_0\" class=\"wpforms-field-small wpforms-field-required\" name=\"wpforms[fields][0]\" required><\/div><div id=\"wpforms-2433-field_4-container\" class=\"wpforms-field wpforms-field-text\" data-field-id=\"4\"><label class=\"wpforms-field-label\" for=\"wpforms-2433-field_4\">Telefono <span class=\"wpforms-required-label\">*<\/span><\/label><input type=\"text\" id=\"wpforms-2433-field_4\" class=\"wpforms-field-small wpforms-field-required\" name=\"wpforms[fields][4]\" required><\/div><div id=\"wpforms-2433-field_3-container\" class=\"wpforms-field wpforms-field-text\" data-field-id=\"3\"><label class=\"wpforms-field-label\" for=\"wpforms-2433-field_3\">Numero de pedido <span class=\"wpforms-required-label\">*<\/span><\/label><input type=\"text\" id=\"wpforms-2433-field_3\" class=\"wpforms-field-small wpforms-field-required\" name=\"wpforms[fields][3]\" required><\/div><div id=\"wpforms-2433-field_5-container\" class=\"wpforms-field wpforms-field-radio wpforms-list-inline\" data-field-id=\"5\"><label class=\"wpforms-field-label\">Solicitar<\/label><ul id=\"wpforms-2433-field_5\"><li class=\"choice-1 depth-1\"><input type=\"radio\" id=\"wpforms-2433-field_5_1\" name=\"wpforms[fields][5]\" value=\"Recoleccion y guia (solo departamentos)\"  ><label class=\"wpforms-field-label-inline\" for=\"wpforms-2433-field_5_1\">Recoleccion y guia (solo departamentos)<\/label><\/li><\/ul><\/div><div id=\"wpforms-2433-field_2-container\" class=\"wpforms-field wpforms-field-textarea\" data-field-id=\"2\"><label class=\"wpforms-field-label\" for=\"wpforms-2433-field_2\">Comentario<\/label><textarea id=\"wpforms-2433-field_2\" class=\"wpforms-field-small\" name=\"wpforms[fields][2]\" ><\/textarea><\/div><\/div><!-- .wpforms-field-container --><div class=\"wpforms-submit-container\" ><input type=\"hidden\" name=\"wpforms[id]\" value=\"2433\"><input type=\"hidden\" name=\"page_title\" value=\"\"><input type=\"hidden\" name=\"page_url\" value=\"https:\/\/shantitienda.com\/en\/wp-json\/wp\/v2\/pages\/2038\"><input type=\"hidden\" name=\"url_referer\" value=\"\"><button type=\"submit\" name=\"wpforms[submit]\" id=\"wpforms-submit-2433\" class=\"wpforms-submit\" data-alt-text=\"Enviando...\" data-submit-text=\"Enviar\" aria-live=\"assertive\" value=\"wpforms-submit\">Enviar<\/button><img decoding=\"async\" src=\"https:\/\/shantitienda.com\/wp-content\/plugins\/wpforms-lite\/assets\/images\/submit-spin.svg\" class=\"wpforms-submit-spinner\" style=\"display: none;\" width=\"26\" height=\"26\" alt=\"Loading\"><\/div><\/form><\/div>  <!-- .wpforms-container -->\t\t\t\t<\/div>\n\t\t\t\t<\/div>\n\t\t\t\t\t<\/div>\n\t\t<\/div>\n\t\t\t\t\t<\/div>\n\t\t<\/section>\n\t\t\t\t<\/div>\n\t\t","protected":false},"excerpt":{"rendered":"<p>Pol\u00edtica de cambios &nbsp; Ciudad capital y \u00e1reas aleda\u00f1as La solicitud de cambio debe ser enviada a&nbsp;Shanti en el plazo m\u00e1ximo de&nbsp;3 d\u00edas (h\u00e1biles) posventa. El producto eligible para cambio, debe encontrarse en las mismas condiciones de la venta (en su empaque, sin manchas o suciedad y con su etiqueta colgante). &nbsp; Departamentos La solicitud [&hellip;]<\/p>\n","protected":false},"author":1,"featured_media":0,"parent":0,"menu_order":0,"comment_status":"closed","ping_status":"closed","template":"","meta":{"site-sidebar-layout":"default","site-content-layout":"","ast-site-content-layout":"default","site-content-style":"default","site-sidebar-style":"default","ast-global-header-display":"","ast-banner-title-visibility":"","ast-main-header-display":"","ast-hfb-above-header-display":"","ast-hfb-below-header-display":"","ast-hfb-mobile-header-display":"","site-post-title":"disabled","ast-breadcrumbs-content":"","ast-featured-img":"","footer-sml-layout":"","ast-disable-related-posts":"","theme-transparent-header-meta":"","adv-header-id-meta":"","stick-header-meta":"","header-above-stick-meta":"","header-main-stick-meta":"","header-below-stick-meta":"","astra-migrate-meta-layouts":"default","ast-page-background-enabled":"default","ast-page-background-meta":{"desktop":{"background-color":"","background-image":"","background-repeat":"repeat","background-position":"center center","background-size":"auto","background-attachment":"scroll","background-type":"","background-media":"","overlay-type":"","overlay-color":"","overlay-opacity":"","overlay-gradient":""},"tablet":{"background-color":"","background-image":"","background-repeat":"repeat","background-position":"center center","background-size":"auto","background-attachment":"scroll","background-type":"","background-media":"","overlay-type":"","overlay-color":"","overlay-opacity":"","overlay-gradient":""},"mobile":{"background-color":"","background-image":"","background-repeat":"repeat","background-position":"center center","background-size":"auto","background-attachment":"scroll","background-type":"","background-media":"","overlay-type":"","overlay-color":"","overlay-opacity":"","overlay-gradient":""}},"ast-content-background-meta":{"desktop":{"background-color":"var(--ast-global-color-5)","background-image":"","background-repeat":"repeat","background-position":"center center","background-size":"auto","background-attachment":"scroll","background-type":"","background-media":"","overlay-type":"","overlay-color":"","overlay-opacity":"","overlay-gradient":""},"tablet":{"background-color":"var(--ast-global-color-5)","background-image":"","background-repeat":"repeat","background-position":"center center","background-size":"auto","background-attachment":"scroll","background-type":"","background-media":"","overlay-type":"","overlay-color":"","overlay-opacity":"","overlay-gradient":""},"mobile":{"background-color":"var(--ast-global-color-5)","background-image":"","background-repeat":"repeat","background-position":"center center","background-size":"auto","background-attachment":"scroll","background-type":"","background-media":"","overlay-type":"","overlay-color":"","overlay-opacity":"","overlay-gradient":""}},"footnotes":""},"class_list":["post-2038","page","type-page","status-publish","hentry"],"jetpack_sharing_enabled":true,"_links":{"self":[{"href":"https:\/\/shantitienda.com\/en\/wp-json\/wp\/v2\/pages\/2038","targetHints":{"allow":["GET"]}}],"collection":[{"href":"https:\/\/shantitienda.com\/en\/wp-json\/wp\/v2\/pages"}],"about":[{"href":"https:\/\/shantitienda.com\/en\/wp-json\/wp\/v2\/types\/page"}],"author":[{"embeddable":true,"href":"https:\/\/shantitienda.com\/en\/wp-json\/wp\/v2\/users\/1"}],"replies":[{"embeddable":true,"href":"https:\/\/shantitienda.com\/en\/wp-json\/wp\/v2\/comments?post=2038"}],"version-history":[{"count":82,"href":"https:\/\/shantitienda.com\/en\/wp-json\/wp\/v2\/pages\/2038\/revisions"}],"predecessor-version":[{"id":4186,"href":"https:\/\/shantitienda.com\/en\/wp-json\/wp\/v2\/pages\/2038\/revisions\/4186"}],"wp:attachment":[{"href":"https:\/\/shantitienda.com\/en\/wp-json\/wp\/v2\/media?parent=2038"}],"curies":[{"name":"wp","href":"https:\/\/api.w.org\/{rel}","templated":true}]}}