{"id":2040,"date":"2023-02-26T22:48:05","date_gmt":"2023-02-27T04:48:05","guid":{"rendered":"https:\/\/shantitienda.com\/?page_id=2040"},"modified":"2023-03-05T11:13:49","modified_gmt":"2023-03-05T17:13:49","slug":"informacion","status":"publish","type":"page","link":"https:\/\/shantitienda.com\/en\/informacion\/","title":{"rendered":"Muestras"},"content":{"rendered":"\t\t<div data-elementor-type=\"wp-page\" data-elementor-id=\"2040\" class=\"elementor elementor-2040\">\n\t\t\t\t\t\t<section class=\"elementor-section elementor-top-section elementor-element elementor-element-6545ce9 elementor-section-boxed elementor-section-height-default elementor-section-height-default\" data-id=\"6545ce9\" data-element_type=\"section\" data-e-type=\"section\">\n\t\t\t\t\t\t<div class=\"elementor-container elementor-column-gap-default\">\n\t\t\t\t\t<div class=\"elementor-column elementor-col-100 elementor-top-column elementor-element elementor-element-3f1d728\" data-id=\"3f1d728\" data-element_type=\"column\" data-e-type=\"column\">\n\t\t\t<div class=\"elementor-widget-wrap elementor-element-populated\">\n\t\t\t\t\t\t<div class=\"elementor-element elementor-element-c110eef elementor-widget elementor-widget-heading\" data-id=\"c110eef\" data-element_type=\"widget\" data-e-type=\"widget\" data-widget_type=\"heading.default\">\n\t\t\t\t<div class=\"elementor-widget-container\">\n\t\t\t\t\t<h2 class=\"elementor-heading-title elementor-size-default\">\nMuestras para prueba.<\/h2>\t\t\t\t<\/div>\n\t\t\t\t<\/div>\n\t\t\t\t<div class=\"elementor-element elementor-element-9543a2a elementor-widget elementor-widget-text-editor\" data-id=\"9543a2a\" data-element_type=\"widget\" data-e-type=\"widget\" data-widget_type=\"text-editor.default\">\n\t\t\t\t<div class=\"elementor-widget-container\">\n\t\t\t\t\t\t\t\t\t<h3>\u00a0<\/h3><ul><li>Las muestras para prueba, solo son validas para pedidos con ubicaci\u00f3n de entrega en el perimetro de la ciudad capital y areas aleda\u00f1as<strong> [ver mapa]<\/strong>.<\/li><li>La muestra debe (siempre) acompa\u00f1ar otro producto. No se envia solamente la muestra.<\/li><\/ul><ul><li>Para la seleccion de la muestra, el cliente debe seleccionar la talla o color, de la misma forma que seleccion\u00f3 el producto que desea adquirir. Pero, en vez de dar a\u00f1adir al carrito, debe clicar en el boton [Agregar referencia para prueba].<\/li><\/ul><ul><li>Solo se envia (m\u00e1ximo) una muestra por pedido.<\/li><\/ul><ul><li>El cliente debe tener en cuenta el trabajo del mensajero y por ende, no tardar demasiado con el tallaje.<\/li><\/ul><ul><li>La prenda que no quede, debe ser regresada al mensajero en las mismas condiciones de la entrega. <b><i>No se aceptan productos incompletos,\u00a0 sucios, manchados o que les falte la etiqueta colgante(1).\u00a0<\/i><\/b><\/li><\/ul><p><b><i>\u00a0<\/i><\/b><\/p><ul><li><strong>(1) En estos casos el cliente deber\u00e1 adquirir el producto.<\/strong>\u00a0<\/li><\/ul><div>\u00a0<\/div>\t\t\t\t\t\t\t\t<\/div>\n\t\t\t\t<\/div>\n\t\t\t\t<div class=\"elementor-element elementor-element-1aafc78 elementor-widget elementor-widget-image\" data-id=\"1aafc78\" data-element_type=\"widget\" data-e-type=\"widget\" data-widget_type=\"image.default\">\n\t\t\t\t<div class=\"elementor-widget-container\">\n\t\t\t\t\t\t\t\t\t\t\t\t<figure class=\"wp-caption\">\n\t\t\t\t\t\t\t\t\t\t<img fetchpriority=\"high\" decoding=\"async\" width=\"800\" height=\"516\" src=\"https:\/\/i0.wp.com\/shantitienda.com\/wp-content\/uploads\/2023\/03\/Mapa-Mensajeria.jpg?fit=800%2C516&amp;ssl=1\" class=\"attachment-full size-full wp-image-2521\" alt=\"\" srcset=\"https:\/\/i0.wp.com\/shantitienda.com\/wp-content\/uploads\/2023\/03\/Mapa-Mensajeria.jpg?w=800&amp;ssl=1 800w, https:\/\/i0.wp.com\/shantitienda.com\/wp-content\/uploads\/2023\/03\/Mapa-Mensajeria.jpg?resize=550%2C355&amp;ssl=1 550w, https:\/\/i0.wp.com\/shantitienda.com\/wp-content\/uploads\/2023\/03\/Mapa-Mensajeria.jpg?resize=300%2C194&amp;ssl=1 300w, https:\/\/i0.wp.com\/shantitienda.com\/wp-content\/uploads\/2023\/03\/Mapa-Mensajeria.jpg?resize=768%2C495&amp;ssl=1 768w\" sizes=\"(max-width: 800px) 100vw, 800px\" \/>\t\t\t\t\t\t\t\t\t\t\t<figcaption class=\"widget-image-caption wp-caption-text\">Mapa de cobertura<\/figcaption>\n\t\t\t\t\t\t\t\t\t\t<\/figure>\n\t\t\t\t\t\t\t\t\t<\/div>\n\t\t\t\t<\/div>\n\t\t\t\t\t<\/div>\n\t\t<\/div>\n\t\t\t\t\t<\/div>\n\t\t<\/section>\n\t\t\t\t<\/div>\n\t\t","protected":false},"excerpt":{"rendered":"<p>Muestras para prueba. &nbsp; Las muestras para prueba, solo son validas para pedidos con ubicaci\u00f3n de entrega en el perimetro de la ciudad capital y areas aleda\u00f1as [ver mapa]. La muestra debe (siempre) acompa\u00f1ar otro producto. No se envia solamente la muestra. Para la seleccion de la muestra, el cliente debe seleccionar la talla o [&hellip;]<\/p>\n","protected":false},"author":1,"featured_media":0,"parent":0,"menu_order":0,"comment_status":"closed","ping_status":"closed","template":"","meta":{"site-sidebar-layout":"no-sidebar","site-content-layout":"page-builder","ast-site-content-layout":"default","site-content-style":"default","site-sidebar-style":"default","ast-global-header-display":"","ast-banner-title-visibility":"","ast-main-header-display":"","ast-hfb-above-header-display":"","ast-hfb-below-header-display":"","ast-hfb-mobile-header-display":"","site-post-title":"disabled","ast-breadcrumbs-content":"","ast-featured-img":"disabled","footer-sml-layout":"","ast-disable-related-posts":"","theme-transparent-header-meta":"","adv-header-id-meta":"","stick-header-meta":"","header-above-stick-meta":"","header-main-stick-meta":"","header-below-stick-meta":"","astra-migrate-meta-layouts":"default","ast-page-background-enabled":"default","ast-page-background-meta":{"desktop":{"background-color":"","background-image":"","background-repeat":"repeat","background-position":"center center","background-size":"auto","background-attachment":"scroll","background-type":"","background-media":"","overlay-type":"","overlay-color":"","overlay-opacity":"","overlay-gradient":""},"tablet":{"background-color":"","background-image":"","background-repeat":"repeat","background-position":"center center","background-size":"auto","background-attachment":"scroll","background-type":"","background-media":"","overlay-type":"","overlay-color":"","overlay-opacity":"","overlay-gradient":""},"mobile":{"background-color":"","background-image":"","background-repeat":"repeat","background-position":"center center","background-size":"auto","background-attachment":"scroll","background-type":"","background-media":"","overlay-type":"","overlay-color":"","overlay-opacity":"","overlay-gradient":""}},"ast-content-background-meta":{"desktop":{"background-color":"var(--ast-global-color-5)","background-image":"","background-repeat":"repeat","background-position":"center center","background-size":"auto","background-attachment":"scroll","background-type":"","background-media":"","overlay-type":"","overlay-color":"","overlay-opacity":"","overlay-gradient":""},"tablet":{"background-color":"var(--ast-global-color-5)","background-image":"","background-repeat":"repeat","background-position":"center center","background-size":"auto","background-attachment":"scroll","background-type":"","background-media":"","overlay-type":"","overlay-color":"","overlay-opacity":"","overlay-gradient":""},"mobile":{"background-color":"var(--ast-global-color-5)","background-image":"","background-repeat":"repeat","background-position":"center center","background-size":"auto","background-attachment":"scroll","background-type":"","background-media":"","overlay-type":"","overlay-color":"","overlay-opacity":"","overlay-gradient":""}},"footnotes":""},"class_list":["post-2040","page","type-page","status-publish","hentry"],"jetpack_sharing_enabled":true,"_links":{"self":[{"href":"https:\/\/shantitienda.com\/en\/wp-json\/wp\/v2\/pages\/2040","targetHints":{"allow":["GET"]}}],"collection":[{"href":"https:\/\/shantitienda.com\/en\/wp-json\/wp\/v2\/pages"}],"about":[{"href":"https:\/\/shantitienda.com\/en\/wp-json\/wp\/v2\/types\/page"}],"author":[{"embeddable":true,"href":"https:\/\/shantitienda.com\/en\/wp-json\/wp\/v2\/users\/1"}],"replies":[{"embeddable":true,"href":"https:\/\/shantitienda.com\/en\/wp-json\/wp\/v2\/comments?post=2040"}],"version-history":[{"count":75,"href":"https:\/\/shantitienda.com\/en\/wp-json\/wp\/v2\/pages\/2040\/revisions"}],"predecessor-version":[{"id":2605,"href":"https:\/\/shantitienda.com\/en\/wp-json\/wp\/v2\/pages\/2040\/revisions\/2605"}],"wp:attachment":[{"href":"https:\/\/shantitienda.com\/en\/wp-json\/wp\/v2\/media?parent=2040"}],"curies":[{"name":"wp","href":"https:\/\/api.w.org\/{rel}","templated":true}]}}